{"id":6,"date":"2017-07-04T19:13:26","date_gmt":"2017-07-04T17:13:26","guid":{"rendered":"http:\/\/bloc.inspiritmutua.com\/cat\/?page_id=6"},"modified":"2022-09-15T17:10:24","modified_gmt":"2022-09-15T15:10:24","slug":"bloc","status":"publish","type":"page","link":"https:\/\/blog.inspiritmutua.com\/cat\/","title":{"rendered":"Assegurances per a joves"},"content":{"rendered":"\t\t<div data-elementor-type=\"wp-post\" data-elementor-id=\"6\" class=\"elementor elementor-6\" data-elementor-post-type=\"page\">\n\t\t\t\t\t\t<section class=\"elementor-section elementor-top-section elementor-element elementor-element-af48504 elementor-section-boxed elementor-section-height-default elementor-section-height-default\" data-id=\"af48504\" data-element_type=\"section\" data-e-type=\"section\">\n\t\t\t\t\t\t<div class=\"elementor-container elementor-column-gap-wide\">\n\t\t\t\t\t<div class=\"elementor-column elementor-col-100 elementor-top-column elementor-element elementor-element-1b13357\" data-id=\"1b13357\" data-element_type=\"column\" data-e-type=\"column\">\n\t\t\t<div class=\"elementor-widget-wrap elementor-element-populated\">\n\t\t\t\t\t\t<div class=\"elementor-element elementor-element-6689ba2 elementor-widget elementor-widget-heading\" data-id=\"6689ba2\" data-element_type=\"widget\" data-e-type=\"widget\" data-widget_type=\"heading.default\">\n\t\t\t\t<div class=\"elementor-widget-container\">\n\t\t\t\t\t<h1 class=\"elementor-heading-title elementor-size-default\">El blog d'Inspirit Mutua<\/h1>\t\t\t\t<\/div>\n\t\t\t\t<\/div>\n\t\t\t\t<div class=\"elementor-element elementor-element-a11928c elementor-widget elementor-widget-text-editor\" data-id=\"a11928c\" data-element_type=\"widget\" data-e-type=\"widget\" data-widget_type=\"text-editor.default\">\n\t\t\t\t<div class=\"elementor-widget-container\">\n\t\t\t\t\t\t\t\t\t<p>Benvinguts\/des a el blog d&#8217;Inspirit Mutua, un blog per a enginyers i enginyeres amb continguts d&#8217;inter\u00e8s, not\u00edcies, consells i curiositats al voltant del m\u00f3n d&#8217;Erasmus, la universitat i l&#8217;emprenedoria.<\/p>\t\t\t\t\t\t\t\t<\/div>\n\t\t\t\t<\/div>\n\t\t\t\t<div class=\"elementor-element elementor-element-c3b2de7 elementor-grid-3 elementor-grid-tablet-2 elementor-grid-mobile-1 elementor-posts--thumbnail-top elementor-card-shadow-yes elementor-posts__hover-gradient elementor-widget elementor-widget-posts\" data-id=\"c3b2de7\" data-element_type=\"widget\" data-e-type=\"widget\" data-settings=\"{&quot;pagination_type&quot;:&quot;numbers&quot;,&quot;cards_columns&quot;:&quot;3&quot;,&quot;cards_columns_tablet&quot;:&quot;2&quot;,&quot;cards_columns_mobile&quot;:&quot;1&quot;,&quot;cards_row_gap&quot;:{&quot;unit&quot;:&quot;px&quot;,&quot;size&quot;:35,&quot;sizes&quot;:[]},&quot;cards_row_gap_tablet&quot;:{&quot;unit&quot;:&quot;px&quot;,&quot;size&quot;:&quot;&quot;,&quot;sizes&quot;:[]},&quot;cards_row_gap_mobile&quot;:{&quot;unit&quot;:&quot;px&quot;,&quot;size&quot;:&quot;&quot;,&quot;sizes&quot;:[]}}\" data-widget_type=\"posts.cards\">\n\t\t\t\t<div class=\"elementor-widget-container\">\n\t\t\t\t\t\t\t<div class=\"elementor-posts-container elementor-posts elementor-posts--skin-cards elementor-grid\" role=\"list\">\n\t\t\t\t<article class=\"elementor-post elementor-grid-item post-30018 post type-post status-publish format-standard has-post-thumbnail hentry category-assegurances-joves tag-convivencia tag-inspirit-mutua tag-joves tag-la-mutua-dels-enginyers tag-parella tag-viure-amb-parella\" role=\"listitem\">\n\t\t\t<div class=\"elementor-post__card\">\n\t\t\t\t<a class=\"elementor-post__thumbnail__link\" href=\"https:\/\/blog.inspiritmutua.com\/cat\/viure-amb-parella-convivencia\/\" tabindex=\"-1\" ><div class=\"elementor-post__thumbnail\"><img fetchpriority=\"high\" decoding=\"async\" width=\"1000\" height=\"667\" src=\"https:\/\/blog.inspiritmutua.com\/cat\/wp-content\/uploads\/sites\/2\/2025\/12\/Viure-amb-parella.jpg\" class=\"attachment-large size-large wp-image-30020\" alt=\"Viure amb parella\" srcset=\"https:\/\/blog.inspiritmutua.com\/cat\/wp-content\/uploads\/sites\/2\/2025\/12\/Viure-amb-parella.jpg 1000w, https:\/\/blog.inspiritmutua.com\/cat\/wp-content\/uploads\/sites\/2\/2025\/12\/Viure-amb-parella-300x200.jpg 300w, https:\/\/blog.inspiritmutua.com\/cat\/wp-content\/uploads\/sites\/2\/2025\/12\/Viure-amb-parella-768x512.jpg 768w\" sizes=\"(max-width: 1000px) 100vw, 1000px\" \/><\/div><\/a>\n\t\t\t\t<div class=\"elementor-post__badge\">Assegurances per a joves<\/div>\n\t\t\t\t<div class=\"elementor-post__text\">\n\t\t\t\t<h3 class=\"elementor-post__title\">\n\t\t\t<a href=\"https:\/\/blog.inspiritmutua.com\/cat\/viure-amb-parella-convivencia\/\" >\n\t\t\t\tViure amb parella: com sobreviure a la conviv\u00e8ncia sense drama\t\t\t<\/a>\n\t\t<\/h3>\n\t\t\t\t<div class=\"elementor-post__excerpt\">\n\t\t\t<p>Tot sembla perfecte fins que arriba aquell gran pas: compartir pis amb la teva parella. Despr\u00e9s de mesos de cites, s\u00e8ries junts i brunchs de diumenge, arriba el repte real: conviure. I aqu\u00ed \u00e9s on descobreixes que l\u2019amor no sempre \u00e9s sin\u00f2nim d\u2019ordre, que hi ha qui deixa els plats a la pica \u201cper a despr\u00e9s\u201d (i el despr\u00e9s mai arriba), o que alg\u00fa t\u00e9 opinions molt fortes sobre com es col\u00b7loca el paper de v\u00e0ter.<\/p>\n\t\t<\/div>\n\t\t\n\t\t<a class=\"elementor-post__read-more\" href=\"https:\/\/blog.inspiritmutua.com\/cat\/viure-amb-parella-convivencia\/\" aria-label=\"Read more about Viure amb parella: com sobreviure a la conviv\u00e8ncia sense drama\" tabindex=\"-1\" >\n\t\t\tLlegir m\u00e9s \u00bb\t\t<\/a>\n\n\t\t\t\t<\/div>\n\t\t\t\t<div class=\"elementor-post__meta-data\">\n\t\t\t\t\t<span class=\"elementor-post-date\">\n\t\t\t20\/10\/2025\t\t<\/span>\n\t\t\t\t<\/div>\n\t\t\t\t\t<\/div>\n\t\t<\/article>\n\t\t\t\t<article class=\"elementor-post elementor-grid-item post-30011 post type-post status-publish format-standard has-post-thumbnail hentry category-assegurances-joves tag-criptomonedes tag-enginyeria tag-estalvi tag-estalviar tag-finances tag-gestionar-finances tag-plans-destalvi tag-productes-destalvi\" role=\"listitem\">\n\t\t\t<div class=\"elementor-post__card\">\n\t\t\t\t<a class=\"elementor-post__thumbnail__link\" href=\"https:\/\/blog.inspiritmutua.com\/cat\/finances-enginyer-enginyera-jove\/\" tabindex=\"-1\" ><div class=\"elementor-post__thumbnail\"><img decoding=\"async\" width=\"1000\" height=\"667\" src=\"https:\/\/blog.inspiritmutua.com\/cat\/wp-content\/uploads\/sites\/2\/2025\/12\/Entendre-les-teves-finances-com-a-enginyer-o-enginyera-jove.jpg\" class=\"attachment-large size-large wp-image-30015\" alt=\"Entendre les teves finances com a enginyer o enginyera jove\" srcset=\"https:\/\/blog.inspiritmutua.com\/cat\/wp-content\/uploads\/sites\/2\/2025\/12\/Entendre-les-teves-finances-com-a-enginyer-o-enginyera-jove.jpg 1000w, https:\/\/blog.inspiritmutua.com\/cat\/wp-content\/uploads\/sites\/2\/2025\/12\/Entendre-les-teves-finances-com-a-enginyer-o-enginyera-jove-300x200.jpg 300w, https:\/\/blog.inspiritmutua.com\/cat\/wp-content\/uploads\/sites\/2\/2025\/12\/Entendre-les-teves-finances-com-a-enginyer-o-enginyera-jove-768x512.jpg 768w\" sizes=\"(max-width: 1000px) 100vw, 1000px\" \/><\/div><\/a>\n\t\t\t\t<div class=\"elementor-post__badge\">Assegurances per a joves<\/div>\n\t\t\t\t<div class=\"elementor-post__text\">\n\t\t\t\t<h3 class=\"elementor-post__title\">\n\t\t\t<a href=\"https:\/\/blog.inspiritmutua.com\/cat\/finances-enginyer-enginyera-jove\/\" >\n\t\t\t\tEntendre les teves finances com a enginyer o enginyera jove\t\t\t<\/a>\n\t\t<\/h3>\n\t\t\t\t<div class=\"elementor-post__excerpt\">\n\t\t\t<p>Acabes de graduar-te o fa poc que treballes. Has passat anys resolent equacions impossibles, per\u00f2 quan arriba la n\u00f2mina&#8230; comencen els veritables reptes: com gestiono les meves finances? No ets l\u2019\u00fanic.<\/p>\n\t\t<\/div>\n\t\t\n\t\t<a class=\"elementor-post__read-more\" href=\"https:\/\/blog.inspiritmutua.com\/cat\/finances-enginyer-enginyera-jove\/\" aria-label=\"Read more about Entendre les teves finances com a enginyer o enginyera jove\" tabindex=\"-1\" >\n\t\t\tLlegir m\u00e9s \u00bb\t\t<\/a>\n\n\t\t\t\t<\/div>\n\t\t\t\t<div class=\"elementor-post__meta-data\">\n\t\t\t\t\t<span class=\"elementor-post-date\">\n\t\t\t16\/10\/2025\t\t<\/span>\n\t\t\t\t<\/div>\n\t\t\t\t\t<\/div>\n\t\t<\/article>\n\t\t\t\t<article class=\"elementor-post elementor-grid-item post-30002 post type-post status-publish format-standard has-post-thumbnail hentry category-assegurances-joves tag-asseguranca-de-la-llar tag-ordre tag-organitzar-la-llar\" role=\"listitem\">\n\t\t\t<div class=\"elementor-post__card\">\n\t\t\t\t<a class=\"elementor-post__thumbnail__link\" href=\"https:\/\/blog.inspiritmutua.com\/cat\/organitzar-la-llar-seguretat\/\" tabindex=\"-1\" ><div class=\"elementor-post__thumbnail\"><img decoding=\"async\" width=\"1000\" height=\"665\" src=\"https:\/\/blog.inspiritmutua.com\/cat\/wp-content\/uploads\/sites\/2\/2025\/10\/organitzar-la-llar.jpg\" class=\"attachment-large size-large wp-image-30005\" alt=\"organitzar la llar\" srcset=\"https:\/\/blog.inspiritmutua.com\/cat\/wp-content\/uploads\/sites\/2\/2025\/10\/organitzar-la-llar.jpg 1000w, https:\/\/blog.inspiritmutua.com\/cat\/wp-content\/uploads\/sites\/2\/2025\/10\/organitzar-la-llar-300x200.jpg 300w, https:\/\/blog.inspiritmutua.com\/cat\/wp-content\/uploads\/sites\/2\/2025\/10\/organitzar-la-llar-768x511.jpg 768w\" sizes=\"(max-width: 1000px) 100vw, 1000px\" \/><\/div><\/a>\n\t\t\t\t<div class=\"elementor-post__badge\">Assegurances per a joves<\/div>\n\t\t\t\t<div class=\"elementor-post__text\">\n\t\t\t\t<h3 class=\"elementor-post__title\">\n\t\t\t<a href=\"https:\/\/blog.inspiritmutua.com\/cat\/organitzar-la-llar-seguretat\/\" >\n\t\t\t\tCom organitzar la llar per guanyar temps i seguretat\t\t\t<\/a>\n\t\t<\/h3>\n\t\t\t\t<div class=\"elementor-post__excerpt\">\n\t\t\t<p>Disposar d\u2019una casa endre\u00e7ada i funcional no nom\u00e9s aporta comoditat, sin\u00f3 que tamb\u00e9 genera seguretat i estalvi de temps. Quan aconseguim organitzar la llar, cada objecte t\u00e9 el seu lloc i les rutines di\u00e0ries es desenvolupen amb m\u00e9s flu\u00efdesa. <\/p>\n\t\t<\/div>\n\t\t\n\t\t<a class=\"elementor-post__read-more\" href=\"https:\/\/blog.inspiritmutua.com\/cat\/organitzar-la-llar-seguretat\/\" aria-label=\"Read more about Com organitzar la llar per guanyar temps i seguretat\" tabindex=\"-1\" >\n\t\t\tLlegir m\u00e9s \u00bb\t\t<\/a>\n\n\t\t\t\t<\/div>\n\t\t\t\t<div class=\"elementor-post__meta-data\">\n\t\t\t\t\t<span class=\"elementor-post-date\">\n\t\t\t22\/09\/2025\t\t<\/span>\n\t\t\t\t<\/div>\n\t\t\t\t\t<\/div>\n\t\t<\/article>\n\t\t\t\t<article class=\"elementor-post elementor-grid-item post-29999 post type-post status-publish format-standard has-post-thumbnail hentry category-universitat tag-checklist-inici-de-curs tag-erasmus tag-estudiants tag-inici-de-curs tag-universitat\" role=\"listitem\">\n\t\t\t<div class=\"elementor-post__card\">\n\t\t\t\t<a class=\"elementor-post__thumbnail__link\" href=\"https:\/\/blog.inspiritmutua.com\/cat\/checklist-inici-de-curs\/\" tabindex=\"-1\" ><div class=\"elementor-post__thumbnail\"><img loading=\"lazy\" decoding=\"async\" width=\"1000\" height=\"667\" src=\"https:\/\/blog.inspiritmutua.com\/cat\/wp-content\/uploads\/sites\/2\/2025\/10\/checklist-inici-de-curs.jpg\" class=\"attachment-large size-large wp-image-30000\" alt=\"checklist inici de curs\" srcset=\"https:\/\/blog.inspiritmutua.com\/cat\/wp-content\/uploads\/sites\/2\/2025\/10\/checklist-inici-de-curs.jpg 1000w, https:\/\/blog.inspiritmutua.com\/cat\/wp-content\/uploads\/sites\/2\/2025\/10\/checklist-inici-de-curs-300x200.jpg 300w, https:\/\/blog.inspiritmutua.com\/cat\/wp-content\/uploads\/sites\/2\/2025\/10\/checklist-inici-de-curs-768x512.jpg 768w\" sizes=\"(max-width: 1000px) 100vw, 1000px\" \/><\/div><\/a>\n\t\t\t\t<div class=\"elementor-post__badge\">Universitat<\/div>\n\t\t\t\t<div class=\"elementor-post__text\">\n\t\t\t\t<h3 class=\"elementor-post__title\">\n\t\t\t<a href=\"https:\/\/blog.inspiritmutua.com\/cat\/checklist-inici-de-curs\/\" >\n\t\t\t\tChecklist per l\u2019inici de curs: prepara\u2019t per comen\u00e7ar amb bon peu\t\t\t<\/a>\n\t\t<\/h3>\n\t\t\t\t<div class=\"elementor-post__excerpt\">\n\t\t\t<p>L\u2019inici de curs \u00e9s sempre un moment clau, tant per als estudiants com per als professionals que continuen formant-se. \u00c9s el punt de partida d\u2019un nou per\u00edode ple de reptes, aprenentatges i oportunitats. Disposar d\u2019un checklist ben estructurat permet reduir l\u2019estr\u00e8s, guanyar claredat i comen\u00e7ar amb seguretat. <\/p>\n\t\t<\/div>\n\t\t\n\t\t<a class=\"elementor-post__read-more\" href=\"https:\/\/blog.inspiritmutua.com\/cat\/checklist-inici-de-curs\/\" aria-label=\"Read more about Checklist per l\u2019inici de curs: prepara\u2019t per comen\u00e7ar amb bon peu\" tabindex=\"-1\" >\n\t\t\tLlegir m\u00e9s \u00bb\t\t<\/a>\n\n\t\t\t\t<\/div>\n\t\t\t\t<div class=\"elementor-post__meta-data\">\n\t\t\t\t\t<span class=\"elementor-post-date\">\n\t\t\t08\/09\/2025\t\t<\/span>\n\t\t\t\t<\/div>\n\t\t\t\t\t<\/div>\n\t\t<\/article>\n\t\t\t\t<article class=\"elementor-post elementor-grid-item post-29994 post type-post status-publish format-standard has-post-thumbnail hentry category-assegurances-joves tag-asseguranca tag-despeses-fantasma tag-estalvi-joves tag-estalviar-joves tag-pla-destalvi tag-plans-destalvi\" role=\"listitem\">\n\t\t\t<div class=\"elementor-post__card\">\n\t\t\t\t<a class=\"elementor-post__thumbnail__link\" href=\"https:\/\/blog.inspiritmutua.com\/cat\/despeses-fantasma-estiu\/\" tabindex=\"-1\" ><div class=\"elementor-post__thumbnail\"><img loading=\"lazy\" decoding=\"async\" width=\"1000\" height=\"667\" src=\"https:\/\/blog.inspiritmutua.com\/cat\/wp-content\/uploads\/sites\/2\/2025\/08\/despeses-fantasma-estiu.jpg\" class=\"attachment-large size-large wp-image-29995\" alt=\"despeses fantasma estiu\" srcset=\"https:\/\/blog.inspiritmutua.com\/cat\/wp-content\/uploads\/sites\/2\/2025\/08\/despeses-fantasma-estiu.jpg 1000w, https:\/\/blog.inspiritmutua.com\/cat\/wp-content\/uploads\/sites\/2\/2025\/08\/despeses-fantasma-estiu-300x200.jpg 300w, https:\/\/blog.inspiritmutua.com\/cat\/wp-content\/uploads\/sites\/2\/2025\/08\/despeses-fantasma-estiu-768x512.jpg 768w\" sizes=\"(max-width: 1000px) 100vw, 1000px\" \/><\/div><\/a>\n\t\t\t\t<div class=\"elementor-post__badge\">Assegurances per a joves<\/div>\n\t\t\t\t<div class=\"elementor-post__text\">\n\t\t\t\t<h3 class=\"elementor-post__title\">\n\t\t\t<a href=\"https:\/\/blog.inspiritmutua.com\/cat\/despeses-fantasma-estiu\/\" >\n\t\t\t\tDespeses fantasma durant l\u2019estiu i com evitar-les\t\t\t<\/a>\n\t\t<\/h3>\n\t\t\t\t<div class=\"elementor-post__excerpt\">\n\t\t\t<p>Les despeses fantasma s\u00f3n aquells petits pagaments que passen desapercebuts, per\u00f2 que, sumats, poden fer trontollar el teu pressupost. A l\u2019estiu, amb m\u00e9s sortides i plans improvisats, aquestes despeses es multipliquen. Detectar-les i reduir-les \u00e9s clau per mantenir la teva economia sota control i gaudir de les vacances sense preocupacions.<\/p>\n\t\t<\/div>\n\t\t\n\t\t<a class=\"elementor-post__read-more\" href=\"https:\/\/blog.inspiritmutua.com\/cat\/despeses-fantasma-estiu\/\" aria-label=\"Read more about Despeses fantasma durant l\u2019estiu i com evitar-les\" tabindex=\"-1\" >\n\t\t\tLlegir m\u00e9s \u00bb\t\t<\/a>\n\n\t\t\t\t<\/div>\n\t\t\t\t<div class=\"elementor-post__meta-data\">\n\t\t\t\t\t<span class=\"elementor-post-date\">\n\t\t\t11\/08\/2025\t\t<\/span>\n\t\t\t\t<\/div>\n\t\t\t\t\t<\/div>\n\t\t<\/article>\n\t\t\t\t<article class=\"elementor-post elementor-grid-item post-29989 post type-post status-publish format-standard has-post-thumbnail hentry category-viatjar tag-amics tag-asseguranca-de-viatge tag-enginyeria tag-inspirit-mutua tag-la-mutua-dels-enginyers tag-viatge-amb-amics tag-viatge-jove tag-viatjar\" role=\"listitem\">\n\t\t\t<div class=\"elementor-post__card\">\n\t\t\t\t<a class=\"elementor-post__thumbnail__link\" href=\"https:\/\/blog.inspiritmutua.com\/cat\/10-viatge-amb-amics\/\" tabindex=\"-1\" ><div class=\"elementor-post__thumbnail\"><img loading=\"lazy\" decoding=\"async\" width=\"1000\" height=\"667\" src=\"https:\/\/blog.inspiritmutua.com\/cat\/wp-content\/uploads\/sites\/2\/2025\/08\/viatge-amb-amics.jpg\" class=\"attachment-large size-large wp-image-29991\" alt=\"viatge amb amics\" srcset=\"https:\/\/blog.inspiritmutua.com\/cat\/wp-content\/uploads\/sites\/2\/2025\/08\/viatge-amb-amics.jpg 1000w, https:\/\/blog.inspiritmutua.com\/cat\/wp-content\/uploads\/sites\/2\/2025\/08\/viatge-amb-amics-300x200.jpg 300w, https:\/\/blog.inspiritmutua.com\/cat\/wp-content\/uploads\/sites\/2\/2025\/08\/viatge-amb-amics-768x512.jpg 768w\" sizes=\"(max-width: 1000px) 100vw, 1000px\" \/><\/div><\/a>\n\t\t\t\t<div class=\"elementor-post__badge\">Viatjar<\/div>\n\t\t\t\t<div class=\"elementor-post__text\">\n\t\t\t\t<h3 class=\"elementor-post__title\">\n\t\t\t<a href=\"https:\/\/blog.inspiritmutua.com\/cat\/10-viatge-amb-amics\/\" >\n\t\t\t\t10 coses que ning\u00fa t\u2019explica quan fas un viatge amb amics\t\t\t<\/a>\n\t\t<\/h3>\n\t\t\t\t<div class=\"elementor-post__excerpt\">\n\t\t\t<p>Preparant un viatge amb amics? Descobreix consells, hist\u00f2ries reals i imprevistos que et faran viure una experi\u00e8ncia \u00fanica plena de rialles i records.<\/p>\n\t\t<\/div>\n\t\t\n\t\t<a class=\"elementor-post__read-more\" href=\"https:\/\/blog.inspiritmutua.com\/cat\/10-viatge-amb-amics\/\" aria-label=\"Read more about 10 coses que ning\u00fa t\u2019explica quan fas un viatge amb amics\" tabindex=\"-1\" >\n\t\t\tLlegir m\u00e9s \u00bb\t\t<\/a>\n\n\t\t\t\t<\/div>\n\t\t\t\t<div class=\"elementor-post__meta-data\">\n\t\t\t\t\t<span class=\"elementor-post-date\">\n\t\t\t04\/08\/2025\t\t<\/span>\n\t\t\t\t<\/div>\n\t\t\t\t\t<\/div>\n\t\t<\/article>\n\t\t\t\t<\/div>\n\t\t\n\t\t\t\t<div class=\"e-load-more-anchor\" data-page=\"1\" data-max-page=\"47\" data-next-page=\"https:\/\/blog.inspiritmutua.com\/cat\/wp-json\/wp\/v2\/pages\/6\/page\/2\/\"><\/div>\n\t\t\t\t<nav class=\"elementor-pagination\" aria-label=\"Paginaci\u00f3\">\n\t\t\t<span aria-current=\"page\" class=\"page-numbers current\"><span class=\"elementor-screen-only\">P\u00e0gina<\/span>1<\/span>\n<a class=\"page-numbers\" href=\"https:\/\/blog.inspiritmutua.com\/cat\/wp-json\/wp\/v2\/pages\/6\/page\/2\/\"><span class=\"elementor-screen-only\">P\u00e0gina<\/span>2<\/a>\n<a class=\"page-numbers\" href=\"https:\/\/blog.inspiritmutua.com\/cat\/wp-json\/wp\/v2\/pages\/6\/page\/3\/\"><span class=\"elementor-screen-only\">P\u00e0gina<\/span>3<\/a>\n<a class=\"page-numbers\" href=\"https:\/\/blog.inspiritmutua.com\/cat\/wp-json\/wp\/v2\/pages\/6\/page\/4\/\"><span class=\"elementor-screen-only\">P\u00e0gina<\/span>4<\/a>\n<a class=\"page-numbers\" href=\"https:\/\/blog.inspiritmutua.com\/cat\/wp-json\/wp\/v2\/pages\/6\/page\/5\/\"><span class=\"elementor-screen-only\">P\u00e0gina<\/span>5<\/a>\t\t<\/nav>\n\t\t\t\t\t\t<\/div>\n\t\t\t\t<\/div>\n\t\t\t\t\t<\/div>\n\t\t<\/div>\n\t\t\t\t\t<\/div>\n\t\t<\/section>\n\t\t\t\t<\/div>\n\t\t","protected":false},"excerpt":{"rendered":"<p>El blog d&#8217;Inspirit Mutua Benvinguts\/des a el blog d&#8217;Inspirit Mutua, un blog per a enginyers i enginyeres amb continguts d&#8217;inter\u00e8s, not\u00edcies, consells i curiositats al voltant del m\u00f3n d&#8217;Erasmus, la universitat i l&#8217;emprenedoria.<\/p>\n","protected":false},"author":8,"featured_media":0,"parent":0,"menu_order":0,"comment_status":"closed","ping_status":"closed","template":"","meta":{"footnotes":""},"class_list":["post-6","page","type-page","status-publish","hentry"],"_links":{"self":[{"href":"https:\/\/blog.inspiritmutua.com\/cat\/wp-json\/wp\/v2\/pages\/6","targetHints":{"allow":["GET"]}}],"collection":[{"href":"https:\/\/blog.inspiritmutua.com\/cat\/wp-json\/wp\/v2\/pages"}],"about":[{"href":"https:\/\/blog.inspiritmutua.com\/cat\/wp-json\/wp\/v2\/types\/page"}],"author":[{"embeddable":true,"href":"https:\/\/blog.inspiritmutua.com\/cat\/wp-json\/wp\/v2\/users\/8"}],"replies":[{"embeddable":true,"href":"https:\/\/blog.inspiritmutua.com\/cat\/wp-json\/wp\/v2\/comments?post=6"}],"version-history":[{"count":8,"href":"https:\/\/blog.inspiritmutua.com\/cat\/wp-json\/wp\/v2\/pages\/6\/revisions"}],"predecessor-version":[{"id":29414,"href":"https:\/\/blog.inspiritmutua.com\/cat\/wp-json\/wp\/v2\/pages\/6\/revisions\/29414"}],"wp:attachment":[{"href":"https:\/\/blog.inspiritmutua.com\/cat\/wp-json\/wp\/v2\/media?parent=6"}],"curies":[{"name":"wp","href":"https:\/\/api.w.org\/{rel}","templated":true}]}}